{"id":7,"date":"2025-03-10T16:30:15","date_gmt":"2025-03-10T16:30:15","guid":{"rendered":"https:\/\/cartaction-retargeting.tequieresaludable.com.mx\/?page_id=7"},"modified":"2025-03-14T20:39:24","modified_gmt":"2025-03-14T20:39:24","slug":"inicio","status":"publish","type":"page","link":"https:\/\/cartaction-retargeting.tequieresaludable.com.mx\/","title":{"rendered":"Inicio"},"content":{"rendered":"\t\t<div data-elementor-type=\"wp-page\" data-elementor-id=\"7\" class=\"elementor elementor-7\">\n\t\t\t\t<div class=\"elementor-element elementor-element-1268e0b e-con-full e-flex e-con e-parent\" data-id=\"1268e0b\" data-element_type=\"container\">\n\t\t<div class=\"elementor-element elementor-element-06e31cc e-con-full e-flex e-con e-child\" data-id=\"06e31cc\" data-element_type=\"container\">\n\t\t<div class=\"elementor-element elementor-element-2bf5e2e e-con-full e-flex e-con e-child\" data-id=\"2bf5e2e\" data-element_type=\"container\">\n\t\t<div class=\"elementor-element elementor-element-e1a0b72 e-con-full e-flex e-con e-child\" data-id=\"e1a0b72\" data-element_type=\"container\">\n\t\t\t\t<div class=\"elementor-element elementor-element-7c1b344 elementor-widget elementor-widget-heading\" data-id=\"7c1b344\" data-element_type=\"widget\" data-widget_type=\"heading.default\">\n\t\t\t\t<div class=\"elementor-widget-container\">\n\t\t\t\t\t<span class=\"elementor-heading-title elementor-size-default\">Fortalece  <span style=\"font-weight:1000;color: #EA0029\"><i> tus m\u00fasculos<i> <\/span> con\n<\/span>\t\t\t\t<\/div>\n\t\t\t\t<\/div>\n\t\t\t\t<div class=\"elementor-element elementor-element-fd221b2 elementor-widget elementor-widget-image\" data-id=\"fd221b2\" data-element_type=\"widget\" data-widget_type=\"image.default\">\n\t\t\t\t<div class=\"elementor-widget-container\">\n\t\t\t\t\t\t\t\t\t\t\t\t\t\t\t<img decoding=\"async\" width=\"522\" height=\"68\" src=\"https:\/\/cartaction-retargeting.tequieresaludable.com.mx\/wp-content\/uploads\/2025\/03\/CARTAction.svg\" class=\"attachment-large size-large wp-image-114\" alt=\"\" \/>\t\t\t\t\t\t\t\t\t\t\t\t\t\t\t<\/div>\n\t\t\t\t<\/div>\n\t\t\t\t<\/div>\n\t\t\t\t<\/div>\n\t\t<div class=\"elementor-element elementor-element-b98ed52 e-con-full e-flex e-con e-child\" data-id=\"b98ed52\" data-element_type=\"container\">\n\t\t<div class=\"elementor-element elementor-element-82b6c7d e-con-full e-flex e-con e-child\" data-id=\"82b6c7d\" data-element_type=\"container\">\n\t\t\t\t<div class=\"elementor-element elementor-element-49ddd69 elementor-widget elementor-widget-image\" data-id=\"49ddd69\" data-element_type=\"widget\" data-widget_type=\"image.default\">\n\t\t\t\t<div class=\"elementor-widget-container\">\n\t\t\t\t\t\t\t\t\t\t\t\t\t\t\t<img fetchpriority=\"high\" decoding=\"async\" width=\"251\" height=\"500\" src=\"https:\/\/cartaction-retargeting.tequieresaludable.com.mx\/wp-content\/uploads\/2025\/03\/Group-73.png\" class=\"attachment-large size-large wp-image-29\" alt=\"\" srcset=\"https:\/\/cartaction-retargeting.tequieresaludable.com.mx\/wp-content\/uploads\/2025\/03\/Group-73.png 251w, https:\/\/cartaction-retargeting.tequieresaludable.com.mx\/wp-content\/uploads\/2025\/03\/Group-73-151x300.png 151w\" sizes=\"(max-width: 251px) 100vw, 251px\" \/>\t\t\t\t\t\t\t\t\t\t\t\t\t\t\t<\/div>\n\t\t\t\t<\/div>\n\t\t\t\t<\/div>\n\t\t<div class=\"elementor-element elementor-element-9b4c735 e-con-full e-flex e-con e-child\" data-id=\"9b4c735\" data-element_type=\"container\">\n\t\t\t\t<div class=\"elementor-element elementor-element-7cb1761 elementor-widget elementor-widget-heading\" data-id=\"7cb1761\" data-element_type=\"widget\" data-widget_type=\"heading.default\">\n\t\t\t\t<div class=\"elementor-widget-container\">\n\t\t\t\t\t<h2 class=\"elementor-heading-title elementor-size-default\"><i><strong>Beneficios clave:<\/strong><\/i><\/h2>\t\t\t\t<\/div>\n\t\t\t\t<\/div>\n\t\t\t\t<div class=\"elementor-element elementor-element-e9738e5 elementor-widget elementor-widget-heading\" data-id=\"e9738e5\" data-element_type=\"widget\" data-widget_type=\"heading.default\">\n\t\t\t\t<div class=\"elementor-widget-container\">\n\t\t\t\t\t<p class=\"elementor-heading-title elementor-size-default\"><span style=\"color: red\">\u2022<\/span>  Incrementa la fuerza y  masa muscular.\n<\/p>\t\t\t\t<\/div>\n\t\t\t\t<\/div>\n\t\t\t\t<div class=\"elementor-element elementor-element-aa2a14d elementor-widget elementor-widget-heading\" data-id=\"aa2a14d\" data-element_type=\"widget\" data-widget_type=\"heading.default\">\n\t\t\t\t<div class=\"elementor-widget-container\">\n\t\t\t\t\t<p class=\"elementor-heading-title elementor-size-default\"><span style=\"color: red\">\u2022<\/span>  20 gramos de col\u00e1geno hidrolizado.\n\n<\/p>\t\t\t\t<\/div>\n\t\t\t\t<\/div>\n\t\t\t\t<div class=\"elementor-element elementor-element-6a4ebbf elementor-widget elementor-widget-heading\" data-id=\"6a4ebbf\" data-element_type=\"widget\" data-widget_type=\"heading.default\">\n\t\t\t\t<div class=\"elementor-widget-container\">\n\t\t\t\t\t<p class=\"elementor-heading-title elementor-size-default\"><span style=\"color: red\">\u2022<\/span> Vitaminas C y D, MSM y Magnesio.\n\n<\/p>\t\t\t\t<\/div>\n\t\t\t\t<\/div>\n\t\t\t\t<div class=\"elementor-element elementor-element-7be7e05 elementor-widget elementor-widget-heading\" data-id=\"7be7e05\" data-element_type=\"widget\" data-widget_type=\"heading.default\">\n\t\t\t\t<div class=\"elementor-widget-container\">\n\t\t\t\t\t<p class=\"elementor-heading-title elementor-size-default\"><span style=\"color: red\">\u2022<\/span> F\u00e1cil de preparar y consumir (1 sobre al d\u00eda).\n<\/p>\t\t\t\t<\/div>\n\t\t\t\t<\/div>\n\t\t\t\t<\/div>\n\t\t\t\t<\/div>\n\t\t<div class=\"elementor-element elementor-element-99e20ed e-con-full e-flex e-con e-child\" data-id=\"99e20ed\" data-element_type=\"container\">\n\t\t\t\t<div class=\"elementor-element elementor-element-563e95e elementor-widget elementor-widget-heading\" data-id=\"563e95e\" data-element_type=\"widget\" data-widget_type=\"heading.default\">\n\t\t\t\t<div class=\"elementor-widget-container\">\n\t\t\t\t\t<span class=\"elementor-heading-title elementor-size-default\"><strong><span style=\"color: #EA0029\">Aumenta tu fuerza y masa muscular<\/span><\/strong> <br>Con nuestra f\u00f3rmula avanzada.<\/span>\t\t\t\t<\/div>\n\t\t\t\t<\/div>\n\t\t\t\t<\/div>\n\t\t\t\t<\/div>\n\t\t<div class=\"elementor-element elementor-element-97df950 e-con-full e-flex e-con e-child\" data-id=\"97df950\" data-element_type=\"container\" data-settings=\"{&quot;background_background&quot;:&quot;classic&quot;}\">\n\t\t\t\t<div class=\"elementor-element elementor-element-04624b2 elementor-widget elementor-widget-heading\" data-id=\"04624b2\" data-element_type=\"widget\" data-widget_type=\"heading.default\">\n\t\t\t\t<div class=\"elementor-widget-container\">\n\t\t\t\t\t<span class=\"elementor-heading-title elementor-size-default\">\u00danete a quienes ya disfrutan<br> de los <b>beneficios <\/b>de <\/span>\t\t\t\t<\/div>\n\t\t\t\t<\/div>\n\t\t\t\t<div class=\"elementor-element elementor-element-b200994 elementor-widget elementor-widget-image\" data-id=\"b200994\" data-element_type=\"widget\" data-widget_type=\"image.default\">\n\t\t\t\t<div class=\"elementor-widget-container\">\n\t\t\t\t\t\t\t\t\t\t\t\t\t\t\t<img decoding=\"async\" width=\"406\" height=\"52\" src=\"https:\/\/cartaction-retargeting.tequieresaludable.com.mx\/wp-content\/uploads\/2025\/03\/CARTAction-white.svg\" class=\"attachment-large size-large wp-image-115\" alt=\"\" \/>\t\t\t\t\t\t\t\t\t\t\t\t\t\t\t<\/div>\n\t\t\t\t<\/div>\n\t\t\t\t<div class=\"elementor-element elementor-element-b437c2b elementor-widget elementor-widget-image\" data-id=\"b437c2b\" data-element_type=\"widget\" data-widget_type=\"image.default\">\n\t\t\t\t<div class=\"elementor-widget-container\">\n\t\t\t\t\t\t\t\t\t\t\t\t\t\t\t<img loading=\"lazy\" decoding=\"async\" width=\"575\" height=\"349\" src=\"https:\/\/cartaction-retargeting.tequieresaludable.com.mx\/wp-content\/uploads\/2025\/03\/cart-action-caja.png\" class=\"attachment-large size-large wp-image-21\" alt=\"\" srcset=\"https:\/\/cartaction-retargeting.tequieresaludable.com.mx\/wp-content\/uploads\/2025\/03\/cart-action-caja.png 575w, https:\/\/cartaction-retargeting.tequieresaludable.com.mx\/wp-content\/uploads\/2025\/03\/cart-action-caja-300x182.png 300w\" sizes=\"(max-width: 575px) 100vw, 575px\" \/>\t\t\t\t\t\t\t\t\t\t\t\t\t\t\t<\/div>\n\t\t\t\t<\/div>\n\t\t\t\t<div class=\"elementor-element elementor-element-e270997 elementor-align-center elementor-widget elementor-widget-button\" data-id=\"e270997\" data-element_type=\"widget\" data-widget_type=\"button.default\">\n\t\t\t\t<div class=\"elementor-widget-container\">\n\t\t\t\t\t\t\t\t\t<div class=\"elementor-button-wrapper\">\n\t\t\t\t\t<a class=\"elementor-button elementor-button-link elementor-size-sm\" href=\"https:\/\/www.amazon.com.mx\/dp\/B0D2Y6TM13\/ref=sspa_dk_detail_2?psc=1&#038;pd_rd_i=B0D2Y6TM13&#038;pd_rd_w=IfEmP&#038;content-id=amzn1.sym.98349eff-970d-4329-9808-569eb2fa7330&#038;pf_rd_p=98349eff-970d-4329-9808-569eb2fa7330&#038;pf_rd_r=QZPAZ50FEP4G9WEENJG8&#038;pd_rd_wg=RWK8Q&#038;pd_rd_r=478f5a1a-f820-4cf7-a1c2-2a9892f6ce15&#038;s=hpc&#038;sp_csd=d2lkZ2V0TmFtZT1zcF9kZXRhaWw\" target=\"_blank\">\n\t\t\t\t\t\t<span class=\"elementor-button-content-wrapper\">\n\t\t\t\t\t\t\t\t\t<span class=\"elementor-button-text\">\u00a1Compra ahora!<\/span>\n\t\t\t\t\t<\/span>\n\t\t\t\t\t<\/a>\n\t\t\t\t<\/div>\n\t\t\t\t\t\t\t\t<\/div>\n\t\t\t\t<\/div>\n\t\t\t\t<\/div>\n\t\t\t\t<\/div>\n\t\t\t\t<\/div>\n\t\t","protected":false},"excerpt":{"rendered":"<p>Fortalece tus m\u00fasculos con Beneficios clave: \u2022 Incrementa la fuerza y masa muscular. \u2022 20 gramos de col\u00e1geno hidrolizado. \u2022 Vitaminas C y D, MSM y Magnesio. \u2022 F\u00e1cil de preparar y consumir (1 sobre al d\u00eda). Aumenta tu fuerza y masa muscular Con nuestra f\u00f3rmula avanzada. \u00danete a quienes ya disfrutan de los beneficios [&hellip;]<\/p>\n","protected":false},"author":1,"featured_media":0,"parent":0,"menu_order":0,"comment_status":"closed","ping_status":"closed","template":"elementor_canvas","meta":{"footnotes":""},"class_list":["post-7","page","type-page","status-publish","hentry"],"aioseo_notices":[],"amp_enabled":false,"_links":{"self":[{"href":"https:\/\/cartaction-retargeting.tequieresaludable.com.mx\/index.php\/wp-json\/wp\/v2\/pages\/7","targetHints":{"allow":["GET"]}}],"collection":[{"href":"https:\/\/cartaction-retargeting.tequieresaludable.com.mx\/index.php\/wp-json\/wp\/v2\/pages"}],"about":[{"href":"https:\/\/cartaction-retargeting.tequieresaludable.com.mx\/index.php\/wp-json\/wp\/v2\/types\/page"}],"author":[{"embeddable":true,"href":"https:\/\/cartaction-retargeting.tequieresaludable.com.mx\/index.php\/wp-json\/wp\/v2\/users\/1"}],"replies":[{"embeddable":true,"href":"https:\/\/cartaction-retargeting.tequieresaludable.com.mx\/index.php\/wp-json\/wp\/v2\/comments?post=7"}],"version-history":[{"count":0,"href":"https:\/\/cartaction-retargeting.tequieresaludable.com.mx\/index.php\/wp-json\/wp\/v2\/pages\/7\/revisions"}],"wp:attachment":[{"href":"https:\/\/cartaction-retargeting.tequieresaludable.com.mx\/index.php\/wp-json\/wp\/v2\/media?parent=7"}],"curies":[{"name":"wp","href":"https:\/\/api.w.org\/{rel}","templated":true}]}}